{"id":12,"date":"2023-11-07T09:23:24","date_gmt":"2023-11-07T09:23:24","guid":{"rendered":"https:\/\/rootygroup.fi\/?page_id=12"},"modified":"2023-11-07T16:16:53","modified_gmt":"2023-11-07T16:16:53","slug":"rooty-group","status":"publish","type":"page","link":"https:\/\/rootygroup.fi\/","title":{"rendered":"Rooty Group"},"content":{"rendered":"\t\t<div data-elementor-type=\"wp-page\" data-elementor-id=\"12\" class=\"elementor elementor-12\">\n\t\t\t\t<div class=\"elementor-element elementor-element-3645b5c2 e-flex e-con-boxed e-con e-parent\" data-id=\"3645b5c2\" data-element_type=\"container\">\n\t\t\t\t\t<div class=\"e-con-inner\">\n\t\t\t\t<div class=\"elementor-element elementor-element-48b13b7 elementor-widget elementor-widget-text-editor\" data-id=\"48b13b7\" data-element_type=\"widget\" data-widget_type=\"text-editor.default\">\n\t\t\t\t<div class=\"elementor-widget-container\">\n\t\t\t\t\t\t\t<p><!-- wp:paragraph --><\/p>\n<p>Rooty Group tarjoaa asiantuntija osaamista yrityksenne liiketoiminnan ja johtamisen kehitt\u00e4misen tarpeisiin sek\u00e4 auttaa rakentamaan hyv\u00e4n pohjan kest\u00e4v\u00e4lle kehitykselle ja vastuullisuusraportoinnille. Kuulumalla&nbsp;<a rel=\"noreferrer noopener\" href=\"https:\/\/www.eglaglobal.eu\/\" target=\"_blank\">EGLA Green Lean Associationin&nbsp;<\/a>kansainv\u00e4liseen verkostoon tuomme mukanamme laajan verkoston toimintanne kehitt\u00e4miseen.<\/p>\n<p><!-- \/wp:paragraph --><\/p>\n<p><!-- wp:paragraph --><\/p>\n<p><!-- \/wp:paragraph --><\/p>\n<p><!-- wp:paragraph --><\/p>\n<p>Yhteisty\u00f6mme aikana asiakkaalle muodostuu vahvaan tietotaitoon perustuva kehitysprojekti joka tukee strategiaa ja vahvaa taloutta rakentamalla hyv\u00e4n pohjan kest\u00e4v\u00e4lle kehitykselle.<\/p>\n<p><!-- \/wp:paragraph --><\/p>\n<p><!-- wp:paragraph --><\/p>\n<p><!-- \/wp:paragraph --><\/p>\n<p><!-- wp:kubio\/text {\"kubio\":{\"styleRef\":\"6ExtaGpGN\",\"hash\":\"vnK1xy0k3\"}} --><br><strong>Manage your performance to optimal<\/strong><br><!-- \/wp:kubio\/text --><\/p>\n<p><!-- wp:image {\"id\":15,\"sizeSlug\":\"full\",\"linkDestination\":\"none\"} --><\/p>\n<figure class=\"wp-block-image size-full\"><img fetchpriority=\"high\" decoding=\"async\" width=\"650\" height=\"487\" src=\"https:\/\/rootygroup.fi\/wp-content\/uploads\/2023\/11\/Handshake2-1.webp\" alt=\"\" class=\"wp-image-15\" srcset=\"https:\/\/rootygroup.fi\/wp-content\/uploads\/2023\/11\/Handshake2-1.webp 650w, https:\/\/rootygroup.fi\/wp-content\/uploads\/2023\/11\/Handshake2-1-300x225.webp 300w\" sizes=\"(max-width: 650px) 100vw, 650px\" \/><\/figure>\n<p><!-- \/wp:image --><\/p>\t\t\t\t\t\t<\/div>\n\t\t\t\t<\/div>\n\t\t\t\t\t<\/div>\n\t\t\t\t<\/div>\n\t\t\t\t<\/div>\n\t\t","protected":false},"excerpt":{"rendered":"<p>Rooty Group tarjoaa asiantuntija osaamista yrityksenne liiketoiminnan ja johtamisen kehitt\u00e4misen tarpeisiin sek\u00e4 auttaa rakentamaan hyv\u00e4n pohjan kest\u00e4v\u00e4lle kehitykselle ja vastuullisuusraportoinnille. Kuulumalla&nbsp;EGLA Green Lean Associationin&nbsp;kansainv\u00e4liseen verkostoon tuomme mukanamme laajan verkoston toimintanne kehitt\u00e4miseen. Yhteisty\u00f6mme aikana asiakkaalle muodostuu vahvaan tietotaitoon perustuva kehitysprojekti joka tukee strategiaa ja vahvaa taloutta rakentamalla hyv\u00e4n pohjan kest\u00e4v\u00e4lle kehitykselle.<\/p>\n","protected":false},"author":1,"featured_media":0,"parent":0,"menu_order":0,"comment_status":"closed","ping_status":"closed","template":"","meta":{"saved_in_kubio":true,"footnotes":""},"class_list":["post-12","page","type-page","status-publish","hentry"],"_links":{"self":[{"href":"https:\/\/rootygroup.fi\/index.php?rest_route=\/wp\/v2\/pages\/12","targetHints":{"allow":["GET"]}}],"collection":[{"href":"https:\/\/rootygroup.fi\/index.php?rest_route=\/wp\/v2\/pages"}],"about":[{"href":"https:\/\/rootygroup.fi\/index.php?rest_route=\/wp\/v2\/types\/page"}],"author":[{"embeddable":true,"href":"https:\/\/rootygroup.fi\/index.php?rest_route=\/wp\/v2\/users\/1"}],"replies":[{"embeddable":true,"href":"https:\/\/rootygroup.fi\/index.php?rest_route=%2Fwp%2Fv2%2Fcomments&post=12"}],"version-history":[{"count":8,"href":"https:\/\/rootygroup.fi\/index.php?rest_route=\/wp\/v2\/pages\/12\/revisions"}],"predecessor-version":[{"id":255,"href":"https:\/\/rootygroup.fi\/index.php?rest_route=\/wp\/v2\/pages\/12\/revisions\/255"}],"wp:attachment":[{"href":"https:\/\/rootygroup.fi\/index.php?rest_route=%2Fwp%2Fv2%2Fmedia&parent=12"}],"curies":[{"name":"wp","href":"https:\/\/api.w.org\/{rel}","templated":true}]}}