{"id":134,"date":"2023-11-07T12:04:29","date_gmt":"2023-11-07T12:04:29","guid":{"rendered":"https:\/\/rootygroup.fi\/?page_id=134"},"modified":"2023-11-13T10:25:46","modified_gmt":"2023-11-13T10:25:46","slug":"asiantuntijuutemme","status":"publish","type":"page","link":"https:\/\/rootygroup.fi\/?page_id=134","title":{"rendered":"Asiantuntijamme"},"content":{"rendered":"\t\t<div data-elementor-type=\"wp-page\" data-elementor-id=\"134\" class=\"elementor elementor-134\">\n\t\t\t\t<div class=\"elementor-element elementor-element-87bcdde e-flex e-con-boxed e-con e-parent\" data-id=\"87bcdde\" data-element_type=\"container\">\n\t\t\t\t\t<div class=\"e-con-inner\">\n\t\t\t\t<div class=\"elementor-element elementor-element-71bd94ef elementor-widget elementor-widget-text-editor\" data-id=\"71bd94ef\" data-element_type=\"widget\" data-widget_type=\"text-editor.default\">\n\t\t\t\t<div class=\"elementor-widget-container\">\n\t\t\t\t\t\t\t<p><!-- wp:image {\"id\":230,\"width\":\"484px\",\"height\":\"auto\",\"aspectRatio\":\"2\",\"sizeSlug\":\"full\",\"linkDestination\":\"none\"} --><\/p>\n<figure class=\"wp-block-image size-full is-resized\"><img fetchpriority=\"high\" decoding=\"async\" width=\"318\" height=\"159\" src=\"https:\/\/rootygroup.fi\/wp-content\/uploads\/2023\/11\/Consulting.jpeg\" alt=\"\" class=\"wp-image-230\" style=\"aspect-ratio:2;width:484px;height:auto\" srcset=\"https:\/\/rootygroup.fi\/wp-content\/uploads\/2023\/11\/Consulting.jpeg 318w, https:\/\/rootygroup.fi\/wp-content\/uploads\/2023\/11\/Consulting-300x150.jpeg 300w\" sizes=\"(max-width: 318px) 100vw, 318px\" \/><\/figure>\n<p><!-- \/wp:image --><\/p>\n<p><!-- wp:paragraph --><\/p>\n<p>Toimitusjohtajamme Olli Ruutikainen on toiminut paikallisten ja kansainv\u00e4listen teollisuusyritysten johtoteht\u00e4viss\u00e4 90-luvun alusta alkaen. Yritysten johtaminen markkinoiden muutoksissa on h\u00e4nelle tuttua. Ty\u00f6kokemuksensa h\u00e4n on hankkinut rakennusmateriaaliteollisuudessa (Consolis, Parastek, Parma, Addtek, Partek, Lohja) ja rakentamisessa (YIT, Lemmink\u00e4inen, HAKA).<\/p>\n<p><!-- \/wp:paragraph --><\/p>\n<p><!-- wp:image {\"id\":135,\"sizeSlug\":\"full\",\"linkDestination\":\"none\"} --><\/p>\n<figure class=\"wp-block-image size-full\"><img decoding=\"async\" width=\"200\" height=\"200\" src=\"https:\/\/rootygroup.fi\/wp-content\/uploads\/2023\/11\/Olli.png\" alt=\"\" class=\"wp-image-135\" srcset=\"https:\/\/rootygroup.fi\/wp-content\/uploads\/2023\/11\/Olli.png 200w, https:\/\/rootygroup.fi\/wp-content\/uploads\/2023\/11\/Olli-150x150.png 150w, https:\/\/rootygroup.fi\/wp-content\/uploads\/2023\/11\/Olli-100x100.png 100w\" sizes=\"(max-width: 200px) 100vw, 200px\" \/><\/figure>\n<p><!-- \/wp:image --><\/p>\n<p><!-- wp:paragraph --><\/p>\n<p>Olli on toiminut myynnin, tuotannon ja projektihoidon johtoteht\u00e4viss\u00e4. &nbsp;Jo 2000-luvun alusta alkaen h\u00e4n on vastannut kansainv\u00e4lisen tuotannollisen tulosyksik\u00f6n toiminnasta&nbsp;<a rel=\"noreferrer noopener\" href=\"https:\/\/www.rootygroup.fi\/wp-content\/uploads\/2020\/06\/rootygroup.fi-Concrete-News-Olli-Ruutikainen.pdf\" target=\"_blank\">toimitusjohtajana<\/a>&nbsp;ja kuulunut paikallisten yhti\u00f6iden hallituksiin sek\u00e4 kansainv\u00e4liseen konsernin johtoryhm\u00e4\u00e4n. N\u00e4m\u00e4 ovat luoneet perustan kokonaisuuksien ymm\u00e4rt\u00e4miselle liiketoiminnassa ja taloudellisen tuloksen kehitt\u00e4misess\u00e4.<\/p>\n<p><!-- \/wp:paragraph --><\/p>\n<p><!-- wp:paragraph --><\/p>\n<p>Nyky\u00e4\u00e4n Olli on kansainv\u00e4lisen EGLA verkoston aktiivinen partner ja toimii asiantuntijana useassa organisaatiossa kest\u00e4v\u00e4n kehityksen ja vastuullisuus raportoinnin kehitysty\u00f6ss\u00e4.<\/p>\n<p><br><\/p>\n<p>Yhteystiedot suoraan Ollille:<\/p>\n<p style=\"caret-color: rgb(0, 0, 0); color: rgb(0, 0, 0); text-indent: 0in; line-height: normal; margin: 0pt 0in; direction: ltr; unicode-bidi: embed;\"><span style=\"font-size: 11pt; font-family: Roboto; font-variant-ligatures: normal; font-variant-alternates: normal; font-variant-numeric: normal; font-variant-east-asian: normal; font-variant-position: normal; color: rgb(127, 127, 127);\">Olli Ruutikainen<\/span><\/p>\n<p style=\"caret-color: rgb(0, 0, 0); color: rgb(0, 0, 0); text-indent: 0in; line-height: normal; margin: 0pt 0in; direction: ltr; unicode-bidi: embed;\"><span style=\"font-size: 11pt; font-family: Roboto; font-variant-ligatures: normal; font-variant-alternates: normal; font-variant-numeric: normal; font-variant-east-asian: normal; font-variant-position: normal; color: rgb(127, 127, 127);\">Liikkeenjohdon konsultti<\/span><\/p>\n<p style=\"caret-color: rgb(0, 0, 0); color: rgb(0, 0, 0); text-indent: 0in; line-height: normal; margin: 0pt 0in; direction: ltr; unicode-bidi: embed;\"><span style=\"font-size: 11pt; font-family: Roboto; font-variant-ligatures: normal; font-variant-alternates: normal; font-variant-numeric: normal; font-variant-east-asian: normal; font-variant-position: normal; color: rgb(127, 127, 127);\">olli.ruutikainen@rootygroup.fi<\/span><\/p>\n<p><span style=\"color: rgb(127, 127, 127); font-family: Roboto; font-size: 11pt; caret-color: rgb(0, 0, 0); text-indent: 0in; text-align: var(--text-align);\">+358 400 219641 &nbsp; &nbsp; &nbsp; &nbsp; &nbsp; &nbsp; &nbsp; &nbsp; &nbsp; &nbsp; &nbsp; &nbsp;<\/span><\/p>\n<p><span style=\"color: rgb(127, 127, 127); font-family: Roboto; font-size: 11pt; caret-color: rgb(0, 0, 0); text-indent: 0in; text-align: var(--text-align);\">&nbsp;<\/span><\/p>\n<p><!-- \/wp:paragraph --><\/p>\t\t\t\t\t\t<\/div>\n\t\t\t\t<\/div>\n\t\t\t\t\t<\/div>\n\t\t\t\t<\/div>\n\t\t\t\t<\/div>\n\t\t","protected":false},"excerpt":{"rendered":"<p>Toimitusjohtajamme Olli Ruutikainen on toiminut paikallisten ja kansainv\u00e4listen teollisuusyritysten johtoteht\u00e4viss\u00e4 90-luvun alusta alkaen. Yritysten johtaminen markkinoiden muutoksissa on h\u00e4nelle tuttua. Ty\u00f6kokemuksensa h\u00e4n on hankkinut rakennusmateriaaliteollisuudessa (Consolis, Parastek, Parma, Addtek, Partek, Lohja) ja rakentamisessa (YIT, Lemmink\u00e4inen, HAKA). Olli on toiminut myynnin, tuotannon ja projektihoidon johtoteht\u00e4viss\u00e4. &nbsp;Jo 2000-luvun alusta alkaen h\u00e4n on vastannut kansainv\u00e4lisen tuotannollisen tulosyksik\u00f6n toiminnasta&nbsp;toimitusjohtajana&nbsp;ja &hellip; <\/p>\n<p class=\"link-more\"><a href=\"https:\/\/rootygroup.fi\/?page_id=134\" class=\"more-link\">Read more<span class=\"screen-reader-text\"> &#8220;Asiantuntijamme&#8221;<\/span><\/a><\/p>\n","protected":false},"author":1,"featured_media":0,"parent":12,"menu_order":0,"comment_status":"closed","ping_status":"closed","template":"","meta":{"saved_in_kubio":false,"footnotes":""},"class_list":["post-134","page","type-page","status-publish","hentry"],"_links":{"self":[{"href":"https:\/\/rootygroup.fi\/index.php?rest_route=\/wp\/v2\/pages\/134","targetHints":{"allow":["GET"]}}],"collection":[{"href":"https:\/\/rootygroup.fi\/index.php?rest_route=\/wp\/v2\/pages"}],"about":[{"href":"https:\/\/rootygroup.fi\/index.php?rest_route=\/wp\/v2\/types\/page"}],"author":[{"embeddable":true,"href":"https:\/\/rootygroup.fi\/index.php?rest_route=\/wp\/v2\/users\/1"}],"replies":[{"embeddable":true,"href":"https:\/\/rootygroup.fi\/index.php?rest_route=%2Fwp%2Fv2%2Fcomments&post=134"}],"version-history":[{"count":12,"href":"https:\/\/rootygroup.fi\/index.php?rest_route=\/wp\/v2\/pages\/134\/revisions"}],"predecessor-version":[{"id":281,"href":"https:\/\/rootygroup.fi\/index.php?rest_route=\/wp\/v2\/pages\/134\/revisions\/281"}],"up":[{"embeddable":true,"href":"https:\/\/rootygroup.fi\/index.php?rest_route=\/wp\/v2\/pages\/12"}],"wp:attachment":[{"href":"https:\/\/rootygroup.fi\/index.php?rest_route=%2Fwp%2Fv2%2Fmedia&parent=134"}],"curies":[{"name":"wp","href":"https:\/\/api.w.org\/{rel}","templated":true}]}}