{"id":239,"date":"2023-11-07T14:10:34","date_gmt":"2023-11-07T14:10:34","guid":{"rendered":"https:\/\/rootygroup.fi\/?page_id=239"},"modified":"2023-11-07T14:14:51","modified_gmt":"2023-11-07T14:14:51","slug":"vastuullisuus-raportointi","status":"publish","type":"page","link":"https:\/\/rootygroup.fi\/?page_id=239","title":{"rendered":"Vastuullisuusraportointi"},"content":{"rendered":"\n<figure class=\"wp-block-image size-large is-resized\"><img fetchpriority=\"high\" decoding=\"async\" width=\"1024\" height=\"576\" src=\"https:\/\/rootygroup.fi\/wp-content\/uploads\/2023\/11\/EU-1024x576.png\" alt=\"\" class=\"wp-image-240\" style=\"aspect-ratio:1.7777777777777777;width:580px;height:auto\" srcset=\"https:\/\/rootygroup.fi\/wp-content\/uploads\/2023\/11\/EU-1024x576.png 1024w, https:\/\/rootygroup.fi\/wp-content\/uploads\/2023\/11\/EU-300x169.png 300w, https:\/\/rootygroup.fi\/wp-content\/uploads\/2023\/11\/EU-768x432.png 768w, https:\/\/rootygroup.fi\/wp-content\/uploads\/2023\/11\/EU.png 1400w\" sizes=\"(max-width: 1024px) 100vw, 1024px\" \/><\/figure>\n\n\n\n<p><\/p>\n\n\n\n<p> <\/p>\n\n\n\n<p>EU:ssa on otettu k\u00e4ytt\u00f6\u00f6n useita vaatimuksia vastuullisuusraportoinnille. N\u00e4it\u00e4 vaatimuksia on m\u00e4\u00e4r\u00e4ysten ja direktiivien kautta s\u00e4\u00e4nnelty, ja ne vaihtelevat eri toimialoille ja yrityksille koon perusteella. Yksi keskeinen v\u00e4line vastuullisuusraportoinnissa on EU:n kest\u00e4v\u00e4n rahoituksen asetus, joka tunnetaan my\u00f6s nimell\u00e4 SFDR (Sustainable Finance Disclosure Regulation). T\u00e4m\u00e4 asetus sis\u00e4lt\u00e4\u00e4 vaatimuksia yrityksille ja rahoituslaitoksille liittyen vastuullisuusraportointiin.<\/p>\n\n\n\n<p>Joitakin keskeisi\u00e4 vaatimuksia EU:n vastuullisuusraportoinnille ovat:<\/p>\n\n\n\n<ol class=\"wp-block-list\">\n<li>Tiedonantovelvollisuus: SFDR asettaa yrityksille ja rahoituslaitoksille velvollisuuden raportoida tietoa niiden ymp\u00e4rist\u00f6- ja sosiaalisten vaikutusten hallinnasta ja integroinnista liiketoimintaan.<\/li>\n\n\n\n<li>Yritysten velvollisuus julkaista ESG-tiedot: SFDR edellytt\u00e4\u00e4, ett\u00e4 tietyt yritykset (erityisesti sijoitusrahastojen ja muiden sijoituspalveluiden tarjoajat) julkaisevat ESG-tiedot tuotteistaan ja palveluistaan.<\/li>\n\n\n\n<li>ESG-luokitusj\u00e4rjestelm\u00e4t: Asetuksen mukaan EU:ssa tulisi k\u00e4ytt\u00e4\u00e4 yhdenmukaisia ESG-luokitusj\u00e4rjestelmi\u00e4, jotta sijoittajat voivat helposti verrata eri yritysten ja rahoitustuotteiden vastuullisuustietoja.<\/li>\n\n\n\n<li>Tietojen saatavuus ja vertailtavuus: Raportoinnin tulisi olla selke\u00e4\u00e4, vertailtavaa ja helposti saatavilla sijoittajille ja sidosryhmille.<\/li>\n\n\n\n<li>Ilmoittamisen velvoitteet: SFDR edellytt\u00e4\u00e4 tiettyjen yritysten ilmoittavan tietoa ESG-tekij\u00f6ist\u00e4 sijoitustuotteiden tarjouksissaan.<\/li>\n<\/ol>\n\n\n\n<p>On t\u00e4rke\u00e4\u00e4 huomata, ett\u00e4 n\u00e4m\u00e4 vaatimukset saattavat muuttua ja t\u00e4smenty\u00e4 ajan my\u00f6t\u00e4, ja yritysten tulee seurata ajan tasalla olevia s\u00e4\u00e4d\u00f6ksi\u00e4 ja ohjeita vastuullisuusraportoinnissaan. T\u00e4m\u00e4 vastuullisuusraportointi liittyy laajempiin pyrkimyksiin edist\u00e4\u00e4 kest\u00e4v\u00e4\u00e4 rahoitusta ja vastuullisia liiketoimintak\u00e4yt\u00e4nt\u00f6j\u00e4 EU:ssa.<\/p>\n","protected":false},"excerpt":{"rendered":"<p>EU:ssa on otettu k\u00e4ytt\u00f6\u00f6n useita vaatimuksia vastuullisuusraportoinnille. N\u00e4it\u00e4 vaatimuksia on m\u00e4\u00e4r\u00e4ysten ja direktiivien kautta s\u00e4\u00e4nnelty, ja ne vaihtelevat eri toimialoille ja yrityksille koon perusteella. Yksi keskeinen v\u00e4line vastuullisuusraportoinnissa on EU:n kest\u00e4v\u00e4n rahoituksen asetus, joka tunnetaan my\u00f6s nimell\u00e4 SFDR (Sustainable Finance Disclosure Regulation). T\u00e4m\u00e4 asetus sis\u00e4lt\u00e4\u00e4 vaatimuksia yrityksille ja rahoituslaitoksille liittyen vastuullisuusraportointiin. Joitakin keskeisi\u00e4 vaatimuksia EU:n &hellip; <\/p>\n<p class=\"link-more\"><a href=\"https:\/\/rootygroup.fi\/?page_id=239\" class=\"more-link\">Read more<span class=\"screen-reader-text\"> &#8220;Vastuullisuusraportointi&#8221;<\/span><\/a><\/p>\n","protected":false},"author":1,"featured_media":0,"parent":0,"menu_order":0,"comment_status":"closed","ping_status":"closed","template":"","meta":{"saved_in_kubio":false,"footnotes":""},"class_list":["post-239","page","type-page","status-publish","hentry"],"_links":{"self":[{"href":"https:\/\/rootygroup.fi\/index.php?rest_route=\/wp\/v2\/pages\/239","targetHints":{"allow":["GET"]}}],"collection":[{"href":"https:\/\/rootygroup.fi\/index.php?rest_route=\/wp\/v2\/pages"}],"about":[{"href":"https:\/\/rootygroup.fi\/index.php?rest_route=\/wp\/v2\/types\/page"}],"author":[{"embeddable":true,"href":"https:\/\/rootygroup.fi\/index.php?rest_route=\/wp\/v2\/users\/1"}],"replies":[{"embeddable":true,"href":"https:\/\/rootygroup.fi\/index.php?rest_route=%2Fwp%2Fv2%2Fcomments&post=239"}],"version-history":[{"count":2,"href":"https:\/\/rootygroup.fi\/index.php?rest_route=\/wp\/v2\/pages\/239\/revisions"}],"predecessor-version":[{"id":249,"href":"https:\/\/rootygroup.fi\/index.php?rest_route=\/wp\/v2\/pages\/239\/revisions\/249"}],"wp:attachment":[{"href":"https:\/\/rootygroup.fi\/index.php?rest_route=%2Fwp%2Fv2%2Fmedia&parent=239"}],"curies":[{"name":"wp","href":"https:\/\/api.w.org\/{rel}","templated":true}]}}