{"id":295,"date":"2023-11-13T10:46:30","date_gmt":"2023-11-13T10:46:30","guid":{"rendered":"https:\/\/rootygroup.fi\/?page_id=295"},"modified":"2023-11-13T10:46:30","modified_gmt":"2023-11-13T10:46:30","slug":"referenssimme","status":"publish","type":"page","link":"https:\/\/rootygroup.fi\/?page_id=295","title":{"rendered":"Referenssimme"},"content":{"rendered":"\n<p>Muutamia esimerkkej\u00e4 toteuttamistamme projekteista:<\/p>\n\n\n\n<p> <strong>Kansainv\u00e4linen rakennusmateriaalien ja rakentamisen liikkeenjohdon kokemus<\/strong><\/p>\n\n\n\n<p>30 vuotta, vastuu liiketoimintayksik\u00f6ist\u00e4 50-200MEur, 1.000.000m2 rakentamista, 100 projektia (5.000m2 \u2013 350.000m2), 10.000 asuntoa + kaikki muut rakentamisen segmentit<\/p>\n\n\n\n<p> <strong>Kest\u00e4v\u00e4 kehitys osana br\u00e4ndikuvaa ja kannattavuuden kehitt\u00e4mist\u00e4<\/strong><\/p>\n\n\n\n<p>Yrityksen kokonaiskehitt\u00e4minen: Myynnin kehitt\u00e4minen n\u00e4k\u00f6kulmana asiakaspolku ja lis\u00e4arvo, teollisen tuotannon Lean, kest\u00e4v\u00e4n kehityksen painotuksella. (rakennusmateriaaliteollisuus)<\/p>\n\n\n\n<p> <strong>Green Lean, hukka, kest\u00e4v\u00e4 kehitys konkretiaksi ja menestystekij\u00e4ksi\u00a0<\/strong><\/p>\n\n\n\n<p>Koulutusprojekti, johon osallistuivat ylin johto (omistajat), keskijohto ja tuotannon ty\u00f6njohto. Projektissa k\u00e4ytiin DMAIC-prosessin avulla l\u00e4pi tuotannon kehitt\u00e4mist\u00e4 ja erityisesti hukan v\u00e4hent\u00e4mist\u00e4. Myynnin moduulissa n\u00e4k\u00f6kulmana oli asiakaslis\u00e4arvo ja talouden moduulissa kannattavuus (metalliteollisuus).<\/p>\n\n\n\n<p> <strong>Uudet kest\u00e4v\u00e4n elinkaaren tuoteratkaisut<\/strong><\/p>\n\n\n\n<p>Yritys halusi tehd\u00e4 esiselvityksen siit\u00e4, mihin\u00a0suuntaan\u00a0polymeeris\u00e4ili\u00f6ratkaisuja tulisi\u00a0kehitt\u00e4\u00e4\u00a0elinkaarin\u00e4k\u00f6kulmasta ja mit\u00e4 mahdollisuuksia on polymeerimateriaalin kierr\u00e4tt\u00e4miselle toimintaketjussa.\u00a0L\u00f6ydettiin konkreettisia asioita asiakaslis\u00e4arvon tuottamiseksi ja tapoja sen myymiseksi.\u00a0(muoviteollisuus)<\/p>\n\n\n\n<p> <strong>Valmisbetoniasemien materiaalien ja energiank\u00e4yt\u00f6n tehostaminen<\/strong><\/p>\n\n\n\n<p>Kustannuss\u00e4\u00e4st\u00f6projekti, jossa&nbsp;fokusessa&nbsp;oli betonin p\u00e4\u00e4raaka-aineet ja energia. Kohteena oli 3 valmisbetoniasemaa. Tehtiin systemaattinen analyysi ja l\u00e4hestyttiin asioita pragmaattisesti.&nbsp;Tuloksena konkreettiset, v\u00e4litt\u00f6m\u00e4t s\u00e4\u00e4st\u00f6t.&nbsp;(rakennusmateriaaliteollisuus)<\/p>\n\n\n\n<figure class=\"wp-block-image size-full\"><img fetchpriority=\"high\" decoding=\"async\" width=\"960\" height=\"640\" src=\"https:\/\/rootygroup.fi\/wp-content\/uploads\/2023\/11\/project-management-skills.jpg.webp\" alt=\"\" class=\"wp-image-296\" srcset=\"https:\/\/rootygroup.fi\/wp-content\/uploads\/2023\/11\/project-management-skills.jpg.webp 960w, https:\/\/rootygroup.fi\/wp-content\/uploads\/2023\/11\/project-management-skills.jpg-300x200.webp 300w, https:\/\/rootygroup.fi\/wp-content\/uploads\/2023\/11\/project-management-skills.jpg-768x512.webp 768w\" sizes=\"(max-width: 960px) 100vw, 960px\" \/><\/figure>\n","protected":false},"excerpt":{"rendered":"<p>Muutamia esimerkkej\u00e4 toteuttamistamme projekteista: Kansainv\u00e4linen rakennusmateriaalien ja rakentamisen liikkeenjohdon kokemus 30 vuotta, vastuu liiketoimintayksik\u00f6ist\u00e4 50-200MEur, 1.000.000m2 rakentamista, 100 projektia (5.000m2 \u2013 350.000m2), 10.000 asuntoa + kaikki muut rakentamisen segmentit Kest\u00e4v\u00e4 kehitys osana br\u00e4ndikuvaa ja kannattavuuden kehitt\u00e4mist\u00e4 Yrityksen kokonaiskehitt\u00e4minen: Myynnin kehitt\u00e4minen n\u00e4k\u00f6kulmana asiakaspolku ja lis\u00e4arvo, teollisen tuotannon Lean, kest\u00e4v\u00e4n kehityksen painotuksella. (rakennusmateriaaliteollisuus) Green Lean, hukka, kest\u00e4v\u00e4 &hellip; <\/p>\n<p class=\"link-more\"><a href=\"https:\/\/rootygroup.fi\/?page_id=295\" class=\"more-link\">Read more<span class=\"screen-reader-text\"> &#8220;Referenssimme&#8221;<\/span><\/a><\/p>\n","protected":false},"author":1,"featured_media":0,"parent":0,"menu_order":0,"comment_status":"closed","ping_status":"closed","template":"","meta":{"saved_in_kubio":false,"footnotes":""},"class_list":["post-295","page","type-page","status-publish","hentry"],"_links":{"self":[{"href":"https:\/\/rootygroup.fi\/index.php?rest_route=\/wp\/v2\/pages\/295","targetHints":{"allow":["GET"]}}],"collection":[{"href":"https:\/\/rootygroup.fi\/index.php?rest_route=\/wp\/v2\/pages"}],"about":[{"href":"https:\/\/rootygroup.fi\/index.php?rest_route=\/wp\/v2\/types\/page"}],"author":[{"embeddable":true,"href":"https:\/\/rootygroup.fi\/index.php?rest_route=\/wp\/v2\/users\/1"}],"replies":[{"embeddable":true,"href":"https:\/\/rootygroup.fi\/index.php?rest_route=%2Fwp%2Fv2%2Fcomments&post=295"}],"version-history":[{"count":1,"href":"https:\/\/rootygroup.fi\/index.php?rest_route=\/wp\/v2\/pages\/295\/revisions"}],"predecessor-version":[{"id":297,"href":"https:\/\/rootygroup.fi\/index.php?rest_route=\/wp\/v2\/pages\/295\/revisions\/297"}],"wp:attachment":[{"href":"https:\/\/rootygroup.fi\/index.php?rest_route=%2Fwp%2Fv2%2Fmedia&parent=295"}],"curies":[{"name":"wp","href":"https:\/\/api.w.org\/{rel}","templated":true}]}}